{"id":314,"date":"2026-03-31T05:48:09","date_gmt":"2026-03-31T05:48:09","guid":{"rendered":"https:\/\/www.luisflorencio.com\/?page_id=314"},"modified":"2026-03-31T05:48:09","modified_gmt":"2026-03-31T05:48:09","slug":"seguridad-de-la-informacion","status":"publish","type":"page","link":"https:\/\/www.luisflorencio.com\/index.php\/seguridad-de-la-informacion\/","title":{"rendered":"Seguridad de la Informaci\u00f3n"},"content":{"rendered":"\n<p><strong>Respaldos Cr\u00edticos:<\/strong> &#8220;Protecci\u00f3n total de tu informaci\u00f3n. Recuperaci\u00f3n y migraci\u00f3n de datos con borrado seguro&#8221;. <\/p>\n\n\n\n<p><strong>Seguridad Inform\u00e1tica:<\/strong> &#8220;Blindaje de equipos contra virus y software malicioso&#8221;.<\/p>\n\n\n\n<p><\/p>\n","protected":false},"excerpt":{"rendered":"<p>Respaldos Cr\u00edticos: &#8220;Protecci\u00f3n total de tu informaci\u00f3n. Recuperaci\u00f3n y migraci\u00f3n de datos con borrado seguro&#8221;. Seguridad Inform\u00e1tica: &#8220;Blindaje de equipos contra virus y software malicioso&#8221;.<\/p>\n","protected":false},"author":1,"featured_media":0,"parent":0,"menu_order":0,"comment_status":"closed","ping_status":"closed","template":"","meta":{"footnotes":""},"class_list":["post-314","page","type-page","status-publish","hentry"],"jetpack_sharing_enabled":true,"_links":{"self":[{"href":"https:\/\/www.luisflorencio.com\/index.php\/wp-json\/wp\/v2\/pages\/314","targetHints":{"allow":["GET"]}}],"collection":[{"href":"https:\/\/www.luisflorencio.com\/index.php\/wp-json\/wp\/v2\/pages"}],"about":[{"href":"https:\/\/www.luisflorencio.com\/index.php\/wp-json\/wp\/v2\/types\/page"}],"author":[{"embeddable":true,"href":"https:\/\/www.luisflorencio.com\/index.php\/wp-json\/wp\/v2\/users\/1"}],"replies":[{"embeddable":true,"href":"https:\/\/www.luisflorencio.com\/index.php\/wp-json\/wp\/v2\/comments?post=314"}],"version-history":[{"count":1,"href":"https:\/\/www.luisflorencio.com\/index.php\/wp-json\/wp\/v2\/pages\/314\/revisions"}],"predecessor-version":[{"id":315,"href":"https:\/\/www.luisflorencio.com\/index.php\/wp-json\/wp\/v2\/pages\/314\/revisions\/315"}],"wp:attachment":[{"href":"https:\/\/www.luisflorencio.com\/index.php\/wp-json\/wp\/v2\/media?parent=314"}],"curies":[{"name":"wp","href":"https:\/\/api.w.org\/{rel}","templated":true}]}}