{"id":310,"date":"2026-03-31T05:46:17","date_gmt":"2026-03-31T05:46:17","guid":{"rendered":"https:\/\/www.luisflorencio.com\/?page_id=310"},"modified":"2026-03-31T06:13:06","modified_gmt":"2026-03-31T06:13:06","slug":"soluciones-it","status":"publish","type":"page","link":"https:\/\/www.luisflorencio.com\/index.php\/soluciones-it\/","title":{"rendered":"Soluciones IT"},"content":{"rendered":"\n<p>&#8220;\u00bfProblemas con tu infraestructura tecnol\u00f3gica? Con gusto puedo ayudarte.&#8221;<\/p>\n\n\n\n<p>Ofrezco soluciones integrales en Respaldo de Datos, Soporte T\u00e9cnico Especializado y Optimizaci\u00f3n de Hardware. Mi meta es que tu informaci\u00f3n est\u00e9 segura y tu equipo operando al 100%.<\/p>\n\n\n\n<p><\/p>\n","protected":false},"excerpt":{"rendered":"<p>&#8220;\u00bfProblemas con tu infraestructura tecnol\u00f3gica? Con gusto puedo ayudarte.&#8221; Ofrezco soluciones integrales en Respaldo de Datos, Soporte T\u00e9cnico Especializado y Optimizaci\u00f3n de Hardware. Mi meta es que tu informaci\u00f3n est\u00e9 segura y tu equipo operando al 100%.<\/p>\n","protected":false},"author":1,"featured_media":0,"parent":0,"menu_order":0,"comment_status":"closed","ping_status":"closed","template":"","meta":{"footnotes":""},"class_list":["post-310","page","type-page","status-publish","hentry"],"jetpack_sharing_enabled":true,"_links":{"self":[{"href":"https:\/\/www.luisflorencio.com\/index.php\/wp-json\/wp\/v2\/pages\/310","targetHints":{"allow":["GET"]}}],"collection":[{"href":"https:\/\/www.luisflorencio.com\/index.php\/wp-json\/wp\/v2\/pages"}],"about":[{"href":"https:\/\/www.luisflorencio.com\/index.php\/wp-json\/wp\/v2\/types\/page"}],"author":[{"embeddable":true,"href":"https:\/\/www.luisflorencio.com\/index.php\/wp-json\/wp\/v2\/users\/1"}],"replies":[{"embeddable":true,"href":"https:\/\/www.luisflorencio.com\/index.php\/wp-json\/wp\/v2\/comments?post=310"}],"version-history":[{"count":4,"href":"https:\/\/www.luisflorencio.com\/index.php\/wp-json\/wp\/v2\/pages\/310\/revisions"}],"predecessor-version":[{"id":332,"href":"https:\/\/www.luisflorencio.com\/index.php\/wp-json\/wp\/v2\/pages\/310\/revisions\/332"}],"wp:attachment":[{"href":"https:\/\/www.luisflorencio.com\/index.php\/wp-json\/wp\/v2\/media?parent=310"}],"curies":[{"name":"wp","href":"https:\/\/api.w.org\/{rel}","templated":true}]}}