{"id":20,"date":"2025-05-22T07:23:18","date_gmt":"2025-05-22T07:23:18","guid":{"rendered":"https:\/\/www.luisflorencio.com\/?page_id=20"},"modified":"2025-11-30T22:15:09","modified_gmt":"2025-11-30T22:15:09","slug":"ruta-al-foro-gnp","status":"publish","type":"page","link":"https:\/\/www.luisflorencio.com\/index.php\/ruta-al-foro-gnp\/","title":{"rendered":"Ruta al Foro GNP"},"content":{"rendered":"\n<p>A continuaci\u00f3n te comparto un croquis de qu\u00e9 ruta tomar para llegar al Foro GNP, Curva 4 Aut\u00f3dromo Hermanos Rodr\u00edguez, estadio de los diablos rojos o a uno de los m\u00faltiples eventos que se realizan en la Zona.<\/p>\n\n\n\n<p><strong>IDA: <\/strong>Puedes tomar Uber cobra Aproximadamente 58 MXN, o bien caminar para familiarizarse con la Zona.<\/p>\n\n\n\n<figure class=\"wp-block-image size-large is-resized\"><img loading=\"lazy\" decoding=\"async\" width=\"541\" height=\"1024\" src=\"https:\/\/www.luisflorencio.com\/wp-content\/uploads\/2025\/11\/WhatsApp-Image-2025-11-30-at-16.11.54-541x1024.jpeg\" alt=\"\" class=\"wp-image-268\" style=\"width:268px;height:auto\" srcset=\"https:\/\/www.luisflorencio.com\/wp-content\/uploads\/2025\/11\/WhatsApp-Image-2025-11-30-at-16.11.54-541x1024.jpeg 541w, https:\/\/www.luisflorencio.com\/wp-content\/uploads\/2025\/11\/WhatsApp-Image-2025-11-30-at-16.11.54-159x300.jpeg 159w, https:\/\/www.luisflorencio.com\/wp-content\/uploads\/2025\/11\/WhatsApp-Image-2025-11-30-at-16.11.54-600x1135.jpeg 600w, https:\/\/www.luisflorencio.com\/wp-content\/uploads\/2025\/11\/WhatsApp-Image-2025-11-30-at-16.11.54.jpeg 682w\" sizes=\"auto, (max-width: 541px) 100vw, 541px\" \/><\/figure>\n\n\n\n<p><strong>REGRESO: <\/strong>Despu\u00e9s de tu concierto en el GNP, la \u00fanica forma de regresar al departamento ser\u00e1 caminando, no hay transporte publico, cierra a las 12:00 el metro y cierran las vialidades principales como Viaducto por lo que las aplicaciones de Uber o Didi no podr\u00e1n ingresar hasta el GNP<\/p>\n\n\n\n<p>La zona es tranquila y al salir del recinto m\u00e1s de 65,000.00 personas vendr\u00e1s acompa\u00f1ado de m\u00e1s personas en todo momento.<\/p>\n\n\n\n<figure class=\"wp-block-image size-large\"><img loading=\"lazy\" decoding=\"async\" width=\"1024\" height=\"584\" src=\"https:\/\/www.luisflorencio.com\/wp-content\/uploads\/2025\/11\/DEPA-MAPA-1-1024x584.png\" alt=\"\" class=\"wp-image-264\" srcset=\"https:\/\/www.luisflorencio.com\/wp-content\/uploads\/2025\/11\/DEPA-MAPA-1-1024x584.png 1024w, https:\/\/www.luisflorencio.com\/wp-content\/uploads\/2025\/11\/DEPA-MAPA-1-300x171.png 300w, https:\/\/www.luisflorencio.com\/wp-content\/uploads\/2025\/11\/DEPA-MAPA-1-768x438.png 768w, https:\/\/www.luisflorencio.com\/wp-content\/uploads\/2025\/11\/DEPA-MAPA-1-600x342.png 600w, https:\/\/www.luisflorencio.com\/wp-content\/uploads\/2025\/11\/DEPA-MAPA-1.png 1525w\" sizes=\"auto, (max-width: 1024px) 100vw, 1024px\" \/><\/figure>\n\n\n\n<p><\/p>\n","protected":false},"excerpt":{"rendered":"<p>A continuaci\u00f3n te comparto un croquis de qu\u00e9 ruta tomar para llegar al Foro GNP, Curva 4 Aut\u00f3dromo Hermanos Rodr\u00edguez, estadio de los diablos rojos o a uno de los m\u00faltiples eventos que se realizan en la Zona. IDA: Puedes tomar Uber cobra Aproximadamente 58 MXN, o bien caminar para familiarizarse con la Zona. REGRESO: [&hellip;]<\/p>\n","protected":false},"author":1,"featured_media":0,"parent":0,"menu_order":0,"comment_status":"closed","ping_status":"closed","template":"","meta":{"footnotes":""},"class_list":["post-20","page","type-page","status-publish","hentry"],"jetpack_sharing_enabled":true,"_links":{"self":[{"href":"https:\/\/www.luisflorencio.com\/index.php\/wp-json\/wp\/v2\/pages\/20","targetHints":{"allow":["GET"]}}],"collection":[{"href":"https:\/\/www.luisflorencio.com\/index.php\/wp-json\/wp\/v2\/pages"}],"about":[{"href":"https:\/\/www.luisflorencio.com\/index.php\/wp-json\/wp\/v2\/types\/page"}],"author":[{"embeddable":true,"href":"https:\/\/www.luisflorencio.com\/index.php\/wp-json\/wp\/v2\/users\/1"}],"replies":[{"embeddable":true,"href":"https:\/\/www.luisflorencio.com\/index.php\/wp-json\/wp\/v2\/comments?post=20"}],"version-history":[{"count":12,"href":"https:\/\/www.luisflorencio.com\/index.php\/wp-json\/wp\/v2\/pages\/20\/revisions"}],"predecessor-version":[{"id":274,"href":"https:\/\/www.luisflorencio.com\/index.php\/wp-json\/wp\/v2\/pages\/20\/revisions\/274"}],"wp:attachment":[{"href":"https:\/\/www.luisflorencio.com\/index.php\/wp-json\/wp\/v2\/media?parent=20"}],"curies":[{"name":"wp","href":"https:\/\/api.w.org\/{rel}","templated":true}]}}